{"id":2709,"date":"2020-03-15T12:01:54","date_gmt":"2020-03-15T11:01:54","guid":{"rendered":"http:\/\/neoassunti.usrtoscana.it\/formazione\/dirigentiscolastici\/?page_id=2709"},"modified":"2020-03-20T12:25:28","modified_gmt":"2020-03-20T11:25:28","slug":"notizie","status":"publish","type":"page","link":"https:\/\/neoassunti.usrtoscana.it\/formazione\/dirigentiscolastici\/notizie\/","title":{"rendered":"Notizie"},"content":{"rendered":"<ul class=\"wp-block-latest-posts__list has-dates wp-block-latest-posts\"><li><a href=\"https:\/\/neoassunti.usrtoscana.it\/formazione\/dirigentiscolastici\/blog\/2026\/04\/08\/spostamento-incontro-di-formazione-previsto-il-15-aprile\/\">Spostamento incontro di formazione previsto per il 15 aprile<\/a><time datetime=\"2026-04-08T17:19:24+02:00\" class=\"wp-block-latest-posts__post-date\">8 Aprile 2026<\/time><div class=\"wp-block-latest-posts__post-excerpt\">come da nota allegata, si comunica che l\u2019incontro di formazione gi\u00e0 previsto per mercoled\u00ec 15 aprile \u00e8 anticipato a marted\u00ec 14 aprile, sempre in orario 14.30 &#8211; 16.30 Nota-DgrTosc-07apr2026-5379-Formaz-DS-NAss-Spostam-incontro-Lattarulo Nota-DgrTosc-07apr2026-5379-Formaz-DS-NAss-Spostam-incontro-Lattarulo-All<\/div><\/li>\n<li><a href=\"https:\/\/neoassunti.usrtoscana.it\/formazione\/dirigentiscolastici\/blog\/2026\/02\/23\/variazione-calendario-percorso-formativo-per-dirigenti-neoassunti\/\">Variazione calendario percorso formativo per dirigenti neoassunti<\/a><time datetime=\"2026-02-23T14:56:35+01:00\" class=\"wp-block-latest-posts__post-date\">23 Febbraio 2026<\/time><div class=\"wp-block-latest-posts__post-excerpt\"><\/div><\/li>\n<li><a href=\"https:\/\/neoassunti.usrtoscana.it\/formazione\/dirigentiscolastici\/blog\/2025\/12\/20\/piano-attivita-formative-neoimmessi-in-ruolo-a-s-2025-2026\/\">Piano Attivit\u00e0 Formative neoimmessi in ruolo a.s. 2025-2026<\/a><time datetime=\"2025-12-20T10:11:29+01:00\" class=\"wp-block-latest-posts__post-date\">20 Dicembre 2025<\/time><div class=\"wp-block-latest-posts__post-excerpt\">Si allega il piano delle attivit\u00e0 formative dei Dirigenti Scolastici neoassunti.<\/div><\/li>\n<li><a href=\"https:\/\/neoassunti.usrtoscana.it\/formazione\/dirigentiscolastici\/blog\/2025\/12\/19\/linee-operative-per-la-formazione-e-la-valutazione-dei-dirigenti-scolastici-neoassunti-a-s-2025-2026\/\">Linee operative per la formazione e la valutazione dei dirigenti scolastici neoassunti A.S. 2025- 2026<\/a><time datetime=\"2025-12-19T14:51:39+01:00\" class=\"wp-block-latest-posts__post-date\">19 Dicembre 2025<\/time><div class=\"wp-block-latest-posts__post-excerpt\"><\/div><\/li>\n<\/ul>","protected":false},"excerpt":{"rendered":"","protected":false},"author":1,"featured_media":0,"parent":0,"menu_order":0,"comment_status":"closed","ping_status":"closed","template":"","meta":[],"_links":{"self":[{"href":"https:\/\/neoassunti.usrtoscana.it\/formazione\/dirigentiscolastici\/wp-json\/wp\/v2\/pages\/2709"}],"collection":[{"href":"https:\/\/neoassunti.usrtoscana.it\/formazione\/dirigentiscolastici\/wp-json\/wp\/v2\/pages"}],"about":[{"href":"https:\/\/neoassunti.usrtoscana.it\/formazione\/dirigentiscolastici\/wp-json\/wp\/v2\/types\/page"}],"author":[{"embeddable":true,"href":"https:\/\/neoassunti.usrtoscana.it\/formazione\/dirigentiscolastici\/wp-json\/wp\/v2\/users\/1"}],"replies":[{"embeddable":true,"href":"https:\/\/neoassunti.usrtoscana.it\/formazione\/dirigentiscolastici\/wp-json\/wp\/v2\/comments?post=2709"}],"version-history":[{"count":5,"href":"https:\/\/neoassunti.usrtoscana.it\/formazione\/dirigentiscolastici\/wp-json\/wp\/v2\/pages\/2709\/revisions"}],"predecessor-version":[{"id":2801,"href":"https:\/\/neoassunti.usrtoscana.it\/formazione\/dirigentiscolastici\/wp-json\/wp\/v2\/pages\/2709\/revisions\/2801"}],"wp:attachment":[{"href":"https:\/\/neoassunti.usrtoscana.it\/formazione\/dirigentiscolastici\/wp-json\/wp\/v2\/media?parent=2709"}],"curies":[{"name":"wp","href":"https:\/\/api.w.org\/{rel}","templated":true}]}}